{"id":778,"date":"2022-12-07T07:39:59","date_gmt":"2022-12-07T06:39:59","guid":{"rendered":"https:\/\/elated-booth.79-161-218-19.plesk.page\/?page_id=778"},"modified":"2025-03-04T14:21:17","modified_gmt":"2025-03-04T13:21:17","slug":"vaskemidler","status":"publish","type":"page","link":"https:\/\/softvasksystemer.no\/en\/vaskemidler\/","title":{"rendered":"Detergents"},"content":{"rendered":"\t\t<div data-elementor-type=\"wp-page\" data-elementor-id=\"778\" class=\"elementor elementor-778\" data-elementor-post-type=\"page\">\n\t\t\t\t\t\t<section class=\"elementor-section elementor-top-section elementor-element elementor-element-641ee77 elementor-section-height-min-height elementor-section-boxed elementor-section-height-default elementor-section-items-middle\" data-id=\"641ee77\" data-element_type=\"section\" data-e-type=\"section\" data-settings=\"{&quot;background_background&quot;:&quot;classic&quot;}\">\n\t\t\t\t\t\t\t<div class=\"elementor-background-overlay\"><\/div>\n\t\t\t\t\t\t\t<div class=\"elementor-container elementor-column-gap-default\">\n\t\t\t\t\t<div class=\"elementor-column elementor-col-100 elementor-top-column elementor-element elementor-element-753148e\" data-id=\"753148e\" data-element_type=\"column\" data-e-type=\"column\">\n\t\t\t<div class=\"elementor-widget-wrap elementor-element-populated\">\n\t\t\t\t\t\t<div class=\"elementor-element elementor-element-26eb277 elementor-widget elementor-widget-heading\" data-id=\"26eb277\" data-element_type=\"widget\" data-e-type=\"widget\" data-widget_type=\"heading.default\">\n\t\t\t\t<div class=\"elementor-widget-container\">\n\t\t\t\t\t<h1 class=\"elementor-heading-title elementor-size-default\">Vaskemidler<\/h1>\t\t\t\t<\/div>\n\t\t\t\t<\/div>\n\t\t\t\t<div class=\"elementor-element elementor-element-0ef1344 elementor-widget-divider--separator-type-pattern elementor-widget-divider--view-line elementor-widget elementor-widget-divider\" data-id=\"0ef1344\" data-element_type=\"widget\" data-e-type=\"widget\" data-widget_type=\"divider.default\">\n\t\t\t\t<div class=\"elementor-widget-container\">\n\t\t\t\t\t\t\t<div class=\"elementor-divider\" style=\"--divider-pattern-url: url(&quot;data:image\/svg+xml,%3Csvg xmlns=&#039;http:\/\/www.w3.org\/2000\/svg&#039; preserveAspectRatio=&#039;none&#039; overflow=&#039;visible&#039; height=&#039;100%&#039; viewBox=&#039;0 0 24 24&#039; fill=&#039;black&#039; stroke=&#039;none&#039;%3E%3Cpath d=&#039;M12.7,2.3c-0.4-0.4-1.1-0.4-1.5,0l-8,9.1c-0.3,0.4-0.3,0.9,0,1.2l8,9.1c0.4,0.4,1.1,0.4,1.5,0l8-9.1c0.3-0.4,0.3-0.9,0-1.2L12.7,2.3z&#039;\/%3E%3C\/svg%3E&quot;);\">\n\t\t\t<span class=\"elementor-divider-separator\">\n\t\t\t\t\t\t<\/span>\n\t\t<\/div>\n\t\t\t\t\t\t<\/div>\n\t\t\t\t<\/div>\n\t\t\t\t\t<\/div>\n\t\t<\/div>\n\t\t\t\t\t<\/div>\n\t\t<\/section>\n\t\t\t\t<section class=\"elementor-section elementor-top-section elementor-element elementor-element-1923594 elementor-section-full_width elementor-section-height-default elementor-section-height-default\" data-id=\"1923594\" data-element_type=\"section\" data-e-type=\"section\" data-settings=\"{&quot;background_background&quot;:&quot;classic&quot;}\">\n\t\t\t\t\t\t<div class=\"elementor-container elementor-column-gap-default\">\n\t\t\t\t\t<div class=\"elementor-column elementor-col-50 elementor-top-column elementor-element elementor-element-0a6e960\" data-id=\"0a6e960\" data-element_type=\"column\" data-e-type=\"column\" data-settings=\"{&quot;background_background&quot;:&quot;classic&quot;}\">\n\t\t\t<div class=\"elementor-widget-wrap elementor-element-populated\">\n\t\t\t\t\t\t<div class=\"elementor-element elementor-element-bbd3fc8 elementor-widget elementor-widget-heading\" data-id=\"bbd3fc8\" data-element_type=\"widget\" data-e-type=\"widget\" data-widget_type=\"heading.default\">\n\t\t\t\t<div class=\"elementor-widget-container\">\n\t\t\t\t\t<h2 class=\"elementor-heading-title elementor-size-default\">Vaskemidler<\/h2>\t\t\t\t<\/div>\n\t\t\t\t<\/div>\n\t\t\t\t<div class=\"elementor-element elementor-element-c2bf571 elementor-widget elementor-widget-text-editor\" data-id=\"c2bf571\" data-element_type=\"widget\" data-e-type=\"widget\" data-widget_type=\"text-editor.default\">\n\t\t\t\t<div class=\"elementor-widget-container\">\n\t\t\t\t\t\t\t\t\t<p>Det er ikke nok \u00e5 ha det beste vaskesystemet for softvask. Du trenger ogs\u00e5 de beste vaskemidlene. De som er mest effektive mot de utfordringene du m\u00f8ter n\u00e5r du er ute p\u00e5 oppdrag.<\/p><p>Opp gjennom \u00e5rene har vi med v\u00e5r erfaring utviklet de beste vaskemidlene du f\u00e5r tak i for mest effektiv softvask.<\/p><p>De vaskemidlene vi bruker er effektive mot sopp, alger og all annen skitt du m\u00e5tte m\u00f8te p\u00e5 ute i felt. Det beste med v\u00e5re vaskemidler er at de er 100 prosent biologisk nedbrytbare, og fungerer p\u00e5 alt fra fasadevask til terrassevask, vask av utearealer, takvask og vindusvask.<\/p><p>Kontakt oss i dag om din bedrift har sp\u00f8rsm\u00e5l om softvask og vaskemidler!<\/p><p>NB! Vi leverer kun til bedriftsmarkedet. Ikke privatkunder.<\/p>\t\t\t\t\t\t\t\t<\/div>\n\t\t\t\t<\/div>\n\t\t\t\t<div class=\"elementor-element elementor-element-a2cb222 elementor-widget elementor-widget-heading\" data-id=\"a2cb222\" data-element_type=\"widget\" data-e-type=\"widget\" data-widget_type=\"heading.default\">\n\t\t\t\t<div class=\"elementor-widget-container\">\n\t\t\t\t\t<h3 class=\"elementor-heading-title elementor-size-default\">Vil du kj\u00f8pe vaskemidler?<\/h3>\t\t\t\t<\/div>\n\t\t\t\t<\/div>\n\t\t\t\t<div class=\"elementor-element elementor-element-6f98fc9 elementor-widget elementor-widget-button\" data-id=\"6f98fc9\" data-element_type=\"widget\" data-e-type=\"widget\" data-widget_type=\"button.default\">\n\t\t\t\t<div class=\"elementor-widget-container\">\n\t\t\t\t\t\t\t\t\t<div class=\"elementor-button-wrapper\">\n\t\t\t\t\t<a class=\"elementor-button elementor-button-link elementor-size-sm\" href=\"\/kontakt-oss\/\">\n\t\t\t\t\t\t<span class=\"elementor-button-content-wrapper\">\n\t\t\t\t\t\t<span class=\"elementor-button-icon\">\n\t\t\t\t<i aria-hidden=\"true\" class=\"fas fa-arrow-alt-circle-right\"><\/i>\t\t\t<\/span>\n\t\t\t\t\t\t\t\t\t<span class=\"elementor-button-text\">Ta kontakt med oss<\/span>\n\t\t\t\t\t<\/span>\n\t\t\t\t\t<\/a>\n\t\t\t\t<\/div>\n\t\t\t\t\t\t\t\t<\/div>\n\t\t\t\t<\/div>\n\t\t\t\t\t<\/div>\n\t\t<\/div>\n\t\t\t\t<div class=\"elementor-column elementor-col-50 elementor-top-column elementor-element elementor-element-4441f60\" data-id=\"4441f60\" data-element_type=\"column\" data-e-type=\"column\">\n\t\t\t<div class=\"elementor-widget-wrap elementor-element-populated\">\n\t\t\t\t\t\t<div class=\"elementor-element elementor-element-ce4a814 elementor-widget elementor-widget-image\" data-id=\"ce4a814\" data-element_type=\"widget\" data-e-type=\"widget\" data-widget_type=\"image.default\">\n\t\t\t\t<div class=\"elementor-widget-container\">\n\t\t\t\t\t\t\t\t\t\t\t\t\t\t\t<img fetchpriority=\"high\" decoding=\"async\" width=\"960\" height=\"1280\" src=\"https:\/\/softvasksystemer.no\/wp-content\/uploads\/2025\/03\/Vaskemidler-info.jpg\" class=\"attachment-full size-full wp-image-1163\" alt=\"Vaskemidler-info\" srcset=\"https:\/\/softvasksystemer.no\/wp-content\/uploads\/2025\/03\/Vaskemidler-info.jpg 960w, https:\/\/softvasksystemer.no\/wp-content\/uploads\/2025\/03\/Vaskemidler-info-225x300.jpg 225w, https:\/\/softvasksystemer.no\/wp-content\/uploads\/2025\/03\/Vaskemidler-info-768x1024.jpg 768w, https:\/\/softvasksystemer.no\/wp-content\/uploads\/2025\/03\/Vaskemidler-info-9x12.jpg 9w\" sizes=\"(max-width: 960px) 100vw, 960px\" \/>\t\t\t\t\t\t\t\t\t\t\t\t\t\t\t<\/div>\n\t\t\t\t<\/div>\n\t\t\t\t\t<\/div>\n\t\t<\/div>\n\t\t\t\t\t<\/div>\n\t\t<\/section>\n\t\t\t\t<section class=\"elementor-section elementor-top-section elementor-element elementor-element-3d6e1f0 elementor-section-boxed elementor-section-height-default elementor-section-height-default\" data-id=\"3d6e1f0\" data-element_type=\"section\" data-e-type=\"section\" data-settings=\"{&quot;background_background&quot;:&quot;classic&quot;,&quot;background_motion_fx_motion_fx_scrolling&quot;:&quot;yes&quot;,&quot;background_motion_fx_translateY_effect&quot;:&quot;yes&quot;,&quot;background_motion_fx_translateY_speed&quot;:{&quot;unit&quot;:&quot;px&quot;,&quot;size&quot;:4,&quot;sizes&quot;:[]},&quot;background_motion_fx_translateY_affectedRange&quot;:{&quot;unit&quot;:&quot;%&quot;,&quot;size&quot;:&quot;&quot;,&quot;sizes&quot;:{&quot;start&quot;:0,&quot;end&quot;:100}},&quot;background_motion_fx_devices&quot;:[&quot;desktop&quot;,&quot;tablet_extra&quot;,&quot;tablet&quot;,&quot;mobile&quot;]}\">\n\t\t\t\t\t\t\t<div class=\"elementor-background-overlay\"><\/div>\n\t\t\t\t\t\t\t<div class=\"elementor-container elementor-column-gap-default\">\n\t\t\t\t\t<div class=\"elementor-column elementor-col-50 elementor-top-column elementor-element elementor-element-1b0d320\" data-id=\"1b0d320\" data-element_type=\"column\" data-e-type=\"column\">\n\t\t\t<div class=\"elementor-widget-wrap elementor-element-populated\">\n\t\t\t\t\t\t<div class=\"elementor-element elementor-element-7ccc4ea elementor-widget elementor-widget-heading\" data-id=\"7ccc4ea\" data-element_type=\"widget\" data-e-type=\"widget\" data-widget_type=\"heading.default\">\n\t\t\t\t<div class=\"elementor-widget-container\">\n\t\t\t\t\t<h4 class=\"elementor-heading-title elementor-size-default\">Vi tar gjerne en hyggelig samtale!<\/h4>\t\t\t\t<\/div>\n\t\t\t\t<\/div>\n\t\t\t\t<div class=\"elementor-element elementor-element-9211c7e elementor-widget elementor-widget-heading\" data-id=\"9211c7e\" data-element_type=\"widget\" data-e-type=\"widget\" data-widget_type=\"heading.default\">\n\t\t\t\t<div class=\"elementor-widget-container\">\n\t\t\t\t\t<h2 class=\"elementor-heading-title elementor-size-default\">Har du noen sp\u00f8rsm\u00e5l?<\/h2>\t\t\t\t<\/div>\n\t\t\t\t<\/div>\n\t\t\t\t\t<\/div>\n\t\t<\/div>\n\t\t\t\t<div class=\"elementor-column elementor-col-50 elementor-top-column elementor-element elementor-element-ed7b390\" data-id=\"ed7b390\" data-element_type=\"column\" data-e-type=\"column\">\n\t\t\t<div class=\"elementor-widget-wrap elementor-element-populated\">\n\t\t\t\t\t\t<div class=\"elementor-element elementor-element-f08d783 elementor-align-right elementor-mobile-align-justify elementor-tablet-align-center elementor-widget elementor-widget-button\" data-id=\"f08d783\" data-element_type=\"widget\" data-e-type=\"widget\" data-widget_type=\"button.default\">\n\t\t\t\t<div class=\"elementor-widget-container\">\n\t\t\t\t\t\t\t\t\t<div class=\"elementor-button-wrapper\">\n\t\t\t\t\t<a class=\"elementor-button elementor-button-link elementor-size-sm\" href=\"\/kontakt-oss\/\">\n\t\t\t\t\t\t<span class=\"elementor-button-content-wrapper\">\n\t\t\t\t\t\t\t\t\t<span class=\"elementor-button-text\">Ta kontakt med oss i dag<\/span>\n\t\t\t\t\t<\/span>\n\t\t\t\t\t<\/a>\n\t\t\t\t<\/div>\n\t\t\t\t\t\t\t\t<\/div>\n\t\t\t\t<\/div>\n\t\t\t\t\t<\/div>\n\t\t<\/div>\n\t\t\t\t\t<\/div>\n\t\t<\/section>\n\t\t\t\t<\/div>\n\t\t","protected":false},"excerpt":{"rendered":"<p>Vaskemidler Vaskemidler Det er ikke nok \u00e5 ha det beste vaskesystemet for softvask. Du trenger ogs\u00e5 de beste vaskemidlene. De som er mest effektive mot de utfordringene du m\u00f8ter n\u00e5r du er ute p\u00e5 oppdrag. Opp gjennom \u00e5rene har vi med v\u00e5r erfaring utviklet de beste vaskemidlene du f\u00e5r tak i for mest effektiv softvask. [&hellip;]<\/p>\n","protected":false},"author":1,"featured_media":0,"parent":0,"menu_order":0,"comment_status":"closed","ping_status":"closed","template":"elementor_header_footer","meta":{"footnotes":""},"class_list":["post-778","page","type-page","status-publish","hentry"],"yoast_head":"<!-- This site is optimized with the Yoast SEO plugin v27.3 - https:\/\/yoast.com\/product\/yoast-seo-wordpress\/ -->\n<title>Vaskemidler - SVS Softvask Systemer AS<\/title>\n<meta name=\"robots\" content=\"index, follow, max-snippet:-1, max-image-preview:large, max-video-preview:-1\" \/>\n<link rel=\"canonical\" href=\"https:\/\/softvasksystemer.no\/en\/vaskemidler\/\" \/>\n<meta property=\"og:locale\" content=\"en_US\" \/>\n<meta property=\"og:type\" content=\"article\" \/>\n<meta property=\"og:title\" content=\"Vaskemidler - SVS Softvask Systemer AS\" \/>\n<meta property=\"og:description\" content=\"Vaskemidler Vaskemidler Det er ikke nok \u00e5 ha det beste vaskesystemet for softvask. Du trenger ogs\u00e5 de beste vaskemidlene. De som er mest effektive mot de utfordringene du m\u00f8ter n\u00e5r du er ute p\u00e5 oppdrag. Opp gjennom \u00e5rene har vi med v\u00e5r erfaring utviklet de beste vaskemidlene du f\u00e5r tak i for mest effektiv softvask. [&hellip;]\" \/>\n<meta property=\"og:url\" content=\"https:\/\/softvasksystemer.no\/en\/vaskemidler\/\" \/>\n<meta property=\"og:site_name\" content=\"SVS Softvask Systemer AS\" \/>\n<meta property=\"article:modified_time\" content=\"2025-03-04T13:21:17+00:00\" \/>\n<meta property=\"og:image\" content=\"https:\/\/softvasksystemer.no\/wp-content\/uploads\/2025\/03\/Vaskemidler-info.jpg\" \/>\n\t<meta property=\"og:image:width\" content=\"960\" \/>\n\t<meta property=\"og:image:height\" content=\"1280\" \/>\n\t<meta property=\"og:image:type\" content=\"image\/jpeg\" \/>\n<meta name=\"twitter:card\" content=\"summary_large_image\" \/>\n<meta name=\"twitter:label1\" content=\"Est. reading time\" \/>\n\t<meta name=\"twitter:data1\" content=\"1 minute\" \/>\n<script type=\"application\/ld+json\" class=\"yoast-schema-graph\">{\"@context\":\"https:\\\/\\\/schema.org\",\"@graph\":[{\"@type\":\"WebPage\",\"@id\":\"https:\\\/\\\/softvasksystemer.no\\\/vaskemidler\\\/\",\"url\":\"https:\\\/\\\/softvasksystemer.no\\\/vaskemidler\\\/\",\"name\":\"Vaskemidler - SVS Softvask Systemer AS\",\"isPartOf\":{\"@id\":\"https:\\\/\\\/softvasksystemer.no\\\/#website\"},\"primaryImageOfPage\":{\"@id\":\"https:\\\/\\\/softvasksystemer.no\\\/vaskemidler\\\/#primaryimage\"},\"image\":{\"@id\":\"https:\\\/\\\/softvasksystemer.no\\\/vaskemidler\\\/#primaryimage\"},\"thumbnailUrl\":\"https:\\\/\\\/softvasksystemer.no\\\/wp-content\\\/uploads\\\/2025\\\/03\\\/Vaskemidler-info.jpg\",\"datePublished\":\"2022-12-07T06:39:59+00:00\",\"dateModified\":\"2025-03-04T13:21:17+00:00\",\"breadcrumb\":{\"@id\":\"https:\\\/\\\/softvasksystemer.no\\\/vaskemidler\\\/#breadcrumb\"},\"inLanguage\":\"en-US\",\"potentialAction\":[{\"@type\":\"ReadAction\",\"target\":[\"https:\\\/\\\/softvasksystemer.no\\\/vaskemidler\\\/\"]}]},{\"@type\":\"ImageObject\",\"inLanguage\":\"en-US\",\"@id\":\"https:\\\/\\\/softvasksystemer.no\\\/vaskemidler\\\/#primaryimage\",\"url\":\"https:\\\/\\\/softvasksystemer.no\\\/wp-content\\\/uploads\\\/2025\\\/03\\\/Vaskemidler-info.jpg\",\"contentUrl\":\"https:\\\/\\\/softvasksystemer.no\\\/wp-content\\\/uploads\\\/2025\\\/03\\\/Vaskemidler-info.jpg\"},{\"@type\":\"BreadcrumbList\",\"@id\":\"https:\\\/\\\/softvasksystemer.no\\\/vaskemidler\\\/#breadcrumb\",\"itemListElement\":[{\"@type\":\"ListItem\",\"position\":1,\"name\":\"Hjem\",\"item\":\"https:\\\/\\\/softvasksystemer.no\\\/\"},{\"@type\":\"ListItem\",\"position\":2,\"name\":\"Vaskemidler\"}]},{\"@type\":\"WebSite\",\"@id\":\"https:\\\/\\\/softvasksystemer.no\\\/#website\",\"url\":\"https:\\\/\\\/softvasksystemer.no\\\/\",\"name\":\"SVS Softvask Systemer AS\",\"description\":\"Din lokale leverand\u00f8r av vaskeanlegg i Norge!\",\"publisher\":{\"@id\":\"https:\\\/\\\/softvasksystemer.no\\\/#organization\"},\"potentialAction\":[{\"@type\":\"SearchAction\",\"target\":{\"@type\":\"EntryPoint\",\"urlTemplate\":\"https:\\\/\\\/softvasksystemer.no\\\/?s={search_term_string}\"},\"query-input\":{\"@type\":\"PropertyValueSpecification\",\"valueRequired\":true,\"valueName\":\"search_term_string\"}}],\"inLanguage\":\"en-US\"},{\"@type\":\"Organization\",\"@id\":\"https:\\\/\\\/softvasksystemer.no\\\/#organization\",\"name\":\"SVS Softvask Systemer AS\",\"url\":\"https:\\\/\\\/softvasksystemer.no\\\/\",\"logo\":{\"@type\":\"ImageObject\",\"inLanguage\":\"en-US\",\"@id\":\"https:\\\/\\\/softvasksystemer.no\\\/#\\\/schema\\\/logo\\\/image\\\/\",\"url\":\"https:\\\/\\\/softvasksystemer.no\\\/wp-content\\\/uploads\\\/2022\\\/12\\\/logo-2.png\",\"contentUrl\":\"https:\\\/\\\/softvasksystemer.no\\\/wp-content\\\/uploads\\\/2022\\\/12\\\/logo-2.png\",\"width\":1541,\"height\":1440,\"caption\":\"SVS Softvask Systemer AS\"},\"image\":{\"@id\":\"https:\\\/\\\/softvasksystemer.no\\\/#\\\/schema\\\/logo\\\/image\\\/\"}}]}<\/script>\n<!-- \/ Yoast SEO plugin. -->","yoast_head_json":{"title":"Vaskemidler - SVS Softvask Systemer AS","robots":{"index":"index","follow":"follow","max-snippet":"max-snippet:-1","max-image-preview":"max-image-preview:large","max-video-preview":"max-video-preview:-1"},"canonical":"https:\/\/softvasksystemer.no\/en\/vaskemidler\/","og_locale":"en_US","og_type":"article","og_title":"Vaskemidler - SVS Softvask Systemer AS","og_description":"Vaskemidler Vaskemidler Det er ikke nok \u00e5 ha det beste vaskesystemet for softvask. Du trenger ogs\u00e5 de beste vaskemidlene. De som er mest effektive mot de utfordringene du m\u00f8ter n\u00e5r du er ute p\u00e5 oppdrag. Opp gjennom \u00e5rene har vi med v\u00e5r erfaring utviklet de beste vaskemidlene du f\u00e5r tak i for mest effektiv softvask. [&hellip;]","og_url":"https:\/\/softvasksystemer.no\/en\/vaskemidler\/","og_site_name":"SVS Softvask Systemer AS","article_modified_time":"2025-03-04T13:21:17+00:00","og_image":[{"width":960,"height":1280,"url":"https:\/\/softvasksystemer.no\/wp-content\/uploads\/2025\/03\/Vaskemidler-info.jpg","type":"image\/jpeg"}],"twitter_card":"summary_large_image","twitter_misc":{"Est. reading time":"1 minute"},"schema":{"@context":"https:\/\/schema.org","@graph":[{"@type":"WebPage","@id":"https:\/\/softvasksystemer.no\/vaskemidler\/","url":"https:\/\/softvasksystemer.no\/vaskemidler\/","name":"Vaskemidler - SVS Softvask Systemer AS","isPartOf":{"@id":"https:\/\/softvasksystemer.no\/#website"},"primaryImageOfPage":{"@id":"https:\/\/softvasksystemer.no\/vaskemidler\/#primaryimage"},"image":{"@id":"https:\/\/softvasksystemer.no\/vaskemidler\/#primaryimage"},"thumbnailUrl":"https:\/\/softvasksystemer.no\/wp-content\/uploads\/2025\/03\/Vaskemidler-info.jpg","datePublished":"2022-12-07T06:39:59+00:00","dateModified":"2025-03-04T13:21:17+00:00","breadcrumb":{"@id":"https:\/\/softvasksystemer.no\/vaskemidler\/#breadcrumb"},"inLanguage":"en-US","potentialAction":[{"@type":"ReadAction","target":["https:\/\/softvasksystemer.no\/vaskemidler\/"]}]},{"@type":"ImageObject","inLanguage":"en-US","@id":"https:\/\/softvasksystemer.no\/vaskemidler\/#primaryimage","url":"https:\/\/softvasksystemer.no\/wp-content\/uploads\/2025\/03\/Vaskemidler-info.jpg","contentUrl":"https:\/\/softvasksystemer.no\/wp-content\/uploads\/2025\/03\/Vaskemidler-info.jpg"},{"@type":"BreadcrumbList","@id":"https:\/\/softvasksystemer.no\/vaskemidler\/#breadcrumb","itemListElement":[{"@type":"ListItem","position":1,"name":"Hjem","item":"https:\/\/softvasksystemer.no\/"},{"@type":"ListItem","position":2,"name":"Vaskemidler"}]},{"@type":"WebSite","@id":"https:\/\/softvasksystemer.no\/#website","url":"https:\/\/softvasksystemer.no\/","name":"SVS Softvask Systemer AS","description":"Din lokale leverand\u00f8r av vaskeanlegg i Norge!","publisher":{"@id":"https:\/\/softvasksystemer.no\/#organization"},"potentialAction":[{"@type":"SearchAction","target":{"@type":"EntryPoint","urlTemplate":"https:\/\/softvasksystemer.no\/?s={search_term_string}"},"query-input":{"@type":"PropertyValueSpecification","valueRequired":true,"valueName":"search_term_string"}}],"inLanguage":"en-US"},{"@type":"Organization","@id":"https:\/\/softvasksystemer.no\/#organization","name":"SVS Softvask Systemer AS","url":"https:\/\/softvasksystemer.no\/","logo":{"@type":"ImageObject","inLanguage":"en-US","@id":"https:\/\/softvasksystemer.no\/#\/schema\/logo\/image\/","url":"https:\/\/softvasksystemer.no\/wp-content\/uploads\/2022\/12\/logo-2.png","contentUrl":"https:\/\/softvasksystemer.no\/wp-content\/uploads\/2022\/12\/logo-2.png","width":1541,"height":1440,"caption":"SVS Softvask Systemer AS"},"image":{"@id":"https:\/\/softvasksystemer.no\/#\/schema\/logo\/image\/"}}]}},"_links":{"self":[{"href":"https:\/\/softvasksystemer.no\/en\/wp-json\/wp\/v2\/pages\/778","targetHints":{"allow":["GET"]}}],"collection":[{"href":"https:\/\/softvasksystemer.no\/en\/wp-json\/wp\/v2\/pages"}],"about":[{"href":"https:\/\/softvasksystemer.no\/en\/wp-json\/wp\/v2\/types\/page"}],"author":[{"embeddable":true,"href":"https:\/\/softvasksystemer.no\/en\/wp-json\/wp\/v2\/users\/1"}],"replies":[{"embeddable":true,"href":"https:\/\/softvasksystemer.no\/en\/wp-json\/wp\/v2\/comments?post=778"}],"version-history":[{"count":11,"href":"https:\/\/softvasksystemer.no\/en\/wp-json\/wp\/v2\/pages\/778\/revisions"}],"predecessor-version":[{"id":1169,"href":"https:\/\/softvasksystemer.no\/en\/wp-json\/wp\/v2\/pages\/778\/revisions\/1169"}],"wp:attachment":[{"href":"https:\/\/softvasksystemer.no\/en\/wp-json\/wp\/v2\/media?parent=778"}],"curies":[{"name":"wp","href":"https:\/\/api.w.org\/{rel}","templated":true}]}}