{"id":1178,"date":"2025-04-24T12:48:51","date_gmt":"2025-04-24T10:48:51","guid":{"rendered":"https:\/\/softvasksystemer.no\/?page_id=1178"},"modified":"2025-05-05T13:35:53","modified_gmt":"2025-05-05T11:35:53","slug":"viking-f1-solution","status":"publish","type":"page","link":"https:\/\/softvasksystemer.no\/en\/viking-f1-solution\/","title":{"rendered":"Viking F1 Solution"},"content":{"rendered":"\t\t<div data-elementor-type=\"wp-page\" data-elementor-id=\"1178\" class=\"elementor elementor-1178\" data-elementor-post-type=\"page\">\n\t\t\t\t\t\t<section class=\"elementor-section elementor-top-section elementor-element elementor-element-641ee77 elementor-section-height-min-height elementor-section-boxed elementor-section-height-default elementor-section-items-middle\" data-id=\"641ee77\" data-element_type=\"section\" data-e-type=\"section\" data-settings=\"{&quot;background_background&quot;:&quot;classic&quot;}\">\n\t\t\t\t\t\t\t<div class=\"elementor-background-overlay\"><\/div>\n\t\t\t\t\t\t\t<div class=\"elementor-container elementor-column-gap-default\">\n\t\t\t\t\t<div class=\"elementor-column elementor-col-100 elementor-top-column elementor-element elementor-element-753148e\" data-id=\"753148e\" data-element_type=\"column\" data-e-type=\"column\">\n\t\t\t<div class=\"elementor-widget-wrap elementor-element-populated\">\n\t\t\t\t\t\t<div class=\"elementor-element elementor-element-0ef1344 elementor-widget-divider--separator-type-pattern elementor-widget-divider--view-line elementor-widget elementor-widget-divider\" data-id=\"0ef1344\" data-element_type=\"widget\" data-e-type=\"widget\" data-widget_type=\"divider.default\">\n\t\t\t\t<div class=\"elementor-widget-container\">\n\t\t\t\t\t\t\t<div class=\"elementor-divider\" style=\"--divider-pattern-url: url(&quot;data:image\/svg+xml,%3Csvg xmlns=&#039;http:\/\/www.w3.org\/2000\/svg&#039; preserveAspectRatio=&#039;none&#039; overflow=&#039;visible&#039; height=&#039;100%&#039; viewBox=&#039;0 0 24 24&#039; fill=&#039;black&#039; stroke=&#039;none&#039;%3E%3Cpath d=&#039;M12.7,2.3c-0.4-0.4-1.1-0.4-1.5,0l-8,9.1c-0.3,0.4-0.3,0.9,0,1.2l8,9.1c0.4,0.4,1.1,0.4,1.5,0l8-9.1c0.3-0.4,0.3-0.9,0-1.2L12.7,2.3z&#039;\/%3E%3C\/svg%3E&quot;);\">\n\t\t\t<span class=\"elementor-divider-separator\">\n\t\t\t\t\t\t<\/span>\n\t\t<\/div>\n\t\t\t\t\t\t<\/div>\n\t\t\t\t<\/div>\n\t\t\t\t\t<\/div>\n\t\t<\/div>\n\t\t\t\t\t<\/div>\n\t\t<\/section>\n\t\t\t\t<section class=\"elementor-section elementor-top-section elementor-element elementor-element-1923594 elementor-section-full_width elementor-section-height-default elementor-section-height-default\" data-id=\"1923594\" data-element_type=\"section\" data-e-type=\"section\" data-settings=\"{&quot;background_background&quot;:&quot;classic&quot;}\">\n\t\t\t\t\t\t<div class=\"elementor-container elementor-column-gap-default\">\n\t\t\t\t\t<div class=\"elementor-column elementor-col-50 elementor-top-column elementor-element elementor-element-0a6e960\" data-id=\"0a6e960\" data-element_type=\"column\" data-e-type=\"column\" data-settings=\"{&quot;background_background&quot;:&quot;classic&quot;}\">\n\t\t\t<div class=\"elementor-widget-wrap elementor-element-populated\">\n\t\t\t\t\t\t<div class=\"elementor-element elementor-element-bbd3fc8 elementor-widget elementor-widget-heading\" data-id=\"bbd3fc8\" data-element_type=\"widget\" data-e-type=\"widget\" data-widget_type=\"heading.default\">\n\t\t\t\t<div class=\"elementor-widget-container\">\n\t\t\t\t\t<h2 class=\"elementor-heading-title elementor-size-default\">Vask selv og spar penger!<\/h2>\t\t\t\t<\/div>\n\t\t\t\t<\/div>\n\t\t\t\t<div class=\"elementor-element elementor-element-c2bf571 elementor-widget elementor-widget-text-editor\" data-id=\"c2bf571\" data-element_type=\"widget\" data-e-type=\"widget\" data-widget_type=\"text-editor.default\">\n\t\t\t\t<div class=\"elementor-widget-container\">\n\t\t\t\t\t\t\t\t\t<p><strong>1. \ud83e\uddfc &laquo;Vask terrassen selv \u2013 p\u00e5 halvparten av tiden!&raquo;<\/strong><br \/>\ud83d\udc49 Effektivt nytt vaskemiddel som gj\u00f8r jobben lekende lett.<\/p><p><strong>2. &laquo;Spar penger \u2013 Vask huset selv med proff resultat!&raquo;<\/strong><br \/>\ud83d\udcaa Nytt kraftmiddel som gj\u00f8r deg til rengj\u00f8ringsmester p\u00e5 1\u20132\u20133.<\/p><p><strong>3. &laquo;Glem skrubbingen \u2013 Si hei til supervasken!&raquo;<\/strong><br \/>\ud83d\udebf Rask, enkel og billig rengj\u00f8ring du faktisk vil glede deg til.<\/p><p><strong>4. &laquo;Terrassen ser ny ut p\u00e5 timer \u2013 Ikke dager!&raquo;<\/strong><br \/>\ud83c\udf1f Test det revolusjonerende vaskemiddelet alle snakker om.<\/p><p><strong>5. &laquo;Ny vaskefavoritt for hjemmet &amp; uteplassen \u2013 Gj\u00f8r det selv!&raquo;<\/strong><br \/>\ud83d\udd27 Slutt p\u00e5 dyre tjenester \u2013 f\u00e5 proffe resultater selv.<\/p>\t\t\t\t\t\t\t\t<\/div>\n\t\t\t\t<\/div>\n\t\t\t\t<div class=\"elementor-element elementor-element-a2cb222 elementor-widget elementor-widget-heading\" data-id=\"a2cb222\" data-element_type=\"widget\" data-e-type=\"widget\" data-widget_type=\"heading.default\">\n\t\t\t\t<div class=\"elementor-widget-container\">\n\t\t\t\t\t<h3 class=\"elementor-heading-title elementor-size-default\">Vil du kj\u00f8pe Viking F1 Solution?<\/h3>\t\t\t\t<\/div>\n\t\t\t\t<\/div>\n\t\t\t\t<div class=\"elementor-element elementor-element-6f98fc9 elementor-widget elementor-widget-button\" data-id=\"6f98fc9\" data-element_type=\"widget\" data-e-type=\"widget\" data-widget_type=\"button.default\">\n\t\t\t\t<div class=\"elementor-widget-container\">\n\t\t\t\t\t\t\t\t\t<div class=\"elementor-button-wrapper\">\n\t\t\t\t\t<a class=\"elementor-button elementor-button-link elementor-size-sm\" href=\"\/kontakt-oss\/\">\n\t\t\t\t\t\t<span class=\"elementor-button-content-wrapper\">\n\t\t\t\t\t\t<span class=\"elementor-button-icon\">\n\t\t\t\t<i aria-hidden=\"true\" class=\"fas fa-arrow-alt-circle-right\"><\/i>\t\t\t<\/span>\n\t\t\t\t\t\t\t\t\t<span class=\"elementor-button-text\">Ta kontakt med oss<\/span>\n\t\t\t\t\t<\/span>\n\t\t\t\t\t<\/a>\n\t\t\t\t<\/div>\n\t\t\t\t\t\t\t\t<\/div>\n\t\t\t\t<\/div>\n\t\t\t\t\t<\/div>\n\t\t<\/div>\n\t\t\t\t<div class=\"elementor-column elementor-col-50 elementor-top-column elementor-element elementor-element-4441f60\" data-id=\"4441f60\" data-element_type=\"column\" data-e-type=\"column\">\n\t\t\t<div class=\"elementor-widget-wrap elementor-element-populated\">\n\t\t\t\t\t\t<div class=\"elementor-element elementor-element-a199f7a elementor-widget elementor-widget-video\" data-id=\"a199f7a\" data-element_type=\"widget\" data-e-type=\"widget\" data-settings=\"{&quot;video_type&quot;:&quot;hosted&quot;,&quot;autoplay&quot;:&quot;yes&quot;,&quot;play_on_mobile&quot;:&quot;yes&quot;,&quot;loop&quot;:&quot;yes&quot;,&quot;controls&quot;:&quot;yes&quot;}\" data-widget_type=\"video.default\">\n\t\t\t\t<div class=\"elementor-widget-container\">\n\t\t\t\t\t\t\t<div class=\"e-hosted-video elementor-wrapper elementor-open-inline\">\n\t\t\t\t\t<video class=\"elementor-video\" src=\"https:\/\/softvasksystemer.no\/wp-content\/uploads\/2025\/04\/vf1-solution-verdi-media.mp4\" autoplay=\"\" loop=\"\" controls=\"\" playsinline=\"\" controlsList=\"nodownload\"><\/video>\n\t\t\t\t<\/div>\n\t\t\t\t\t\t<\/div>\n\t\t\t\t<\/div>\n\t\t\t\t\t<\/div>\n\t\t<\/div>\n\t\t\t\t\t<\/div>\n\t\t<\/section>\n\t\t\t\t<section class=\"elementor-section elementor-top-section elementor-element elementor-element-8f33d68 elementor-section-full_width elementor-section-height-default elementor-section-height-default\" data-id=\"8f33d68\" data-element_type=\"section\" data-e-type=\"section\">\n\t\t\t\t\t\t<div class=\"elementor-container elementor-column-gap-default\">\n\t\t\t\t\t<div class=\"elementor-column elementor-col-100 elementor-top-column elementor-element elementor-element-34b3f1c\" data-id=\"34b3f1c\" data-element_type=\"column\" data-e-type=\"column\">\n\t\t\t<div class=\"elementor-widget-wrap elementor-element-populated\">\n\t\t\t\t\t\t<div class=\"elementor-element elementor-element-505f1a4 elementor-widget elementor-widget-gallery\" data-id=\"505f1a4\" data-element_type=\"widget\" data-e-type=\"widget\" data-settings=\"{&quot;columns&quot;:3,&quot;columns_mobile&quot;:2,&quot;lazyload&quot;:&quot;yes&quot;,&quot;gallery_layout&quot;:&quot;grid&quot;,&quot;columns_tablet&quot;:2,&quot;gap&quot;:{&quot;unit&quot;:&quot;px&quot;,&quot;size&quot;:10,&quot;sizes&quot;:[]},&quot;gap_tablet_extra&quot;:{&quot;unit&quot;:&quot;px&quot;,&quot;size&quot;:10,&quot;sizes&quot;:[]},&quot;gap_tablet&quot;:{&quot;unit&quot;:&quot;px&quot;,&quot;size&quot;:10,&quot;sizes&quot;:[]},&quot;gap_mobile&quot;:{&quot;unit&quot;:&quot;px&quot;,&quot;size&quot;:10,&quot;sizes&quot;:[]},&quot;link_to&quot;:&quot;file&quot;,&quot;aspect_ratio&quot;:&quot;3:2&quot;,&quot;overlay_background&quot;:&quot;yes&quot;,&quot;content_hover_animation&quot;:&quot;fade-in&quot;}\" data-widget_type=\"gallery.default\">\n\t\t\t\t<div class=\"elementor-widget-container\">\n\t\t\t\t\t\t\t<div class=\"elementor-gallery__container\">\n\t\t\t\t\t\t\t<a class=\"e-gallery-item elementor-gallery-item elementor-animated-content\" href=\"https:\/\/softvasksystemer.no\/wp-content\/uploads\/2025\/05\/garasje-3-for.webp\" data-elementor-open-lightbox=\"yes\" data-elementor-lightbox-slideshow=\"505f1a4\" data-elementor-lightbox-title=\"garasje 3 f\u00f8r\" data-e-action-hash=\"#elementor-action%3Aaction%3Dlightbox%26settings%3DeyJpZCI6MTE5OCwidXJsIjoiaHR0cHM6XC9cL3NvZnR2YXNrc3lzdGVtZXIubm9cL3dwLWNvbnRlbnRcL3VwbG9hZHNcLzIwMjVcLzA1XC9nYXJhc2plLTMtZm9yLndlYnAiLCJzbGlkZXNob3ciOiI1MDVmMWE0In0%3D\">\n\t\t\t\t\t<div class=\"e-gallery-image elementor-gallery-item__image\" data-thumbnail=\"https:\/\/softvasksystemer.no\/wp-content\/uploads\/2025\/05\/garasje-3-for.webp\" data-width=\"1920\" data-height=\"1080\" aria-label=\"garasje 3 f\u00f8r\" role=\"img\" ><\/div>\n\t\t\t\t\t\t\t\t\t\t\t<div class=\"elementor-gallery-item__overlay\"><\/div>\n\t\t\t\t\t\t\t\t\t\t\t\t\t\t<\/a>\n\t\t\t\t\t\t\t<a class=\"e-gallery-item elementor-gallery-item elementor-animated-content\" href=\"https:\/\/softvasksystemer.no\/wp-content\/uploads\/2025\/05\/garasje-2-for.webp\" data-elementor-open-lightbox=\"yes\" data-elementor-lightbox-slideshow=\"505f1a4\" data-elementor-lightbox-title=\"garasje 2 f\u00f8r\" data-e-action-hash=\"#elementor-action%3Aaction%3Dlightbox%26settings%3DeyJpZCI6MTE5NywidXJsIjoiaHR0cHM6XC9cL3NvZnR2YXNrc3lzdGVtZXIubm9cL3dwLWNvbnRlbnRcL3VwbG9hZHNcLzIwMjVcLzA1XC9nYXJhc2plLTItZm9yLndlYnAiLCJzbGlkZXNob3ciOiI1MDVmMWE0In0%3D\">\n\t\t\t\t\t<div class=\"e-gallery-image elementor-gallery-item__image\" data-thumbnail=\"https:\/\/softvasksystemer.no\/wp-content\/uploads\/2025\/05\/garasje-2-for.webp\" data-width=\"1920\" data-height=\"1080\" aria-label=\"garasje 2 f\u00f8r\" role=\"img\" ><\/div>\n\t\t\t\t\t\t\t\t\t\t\t<div class=\"elementor-gallery-item__overlay\"><\/div>\n\t\t\t\t\t\t\t\t\t\t\t\t\t\t<\/a>\n\t\t\t\t\t\t\t<a class=\"e-gallery-item elementor-gallery-item elementor-animated-content\" href=\"https:\/\/softvasksystemer.no\/wp-content\/uploads\/2025\/05\/garasje-2-etter.webp\" data-elementor-open-lightbox=\"yes\" data-elementor-lightbox-slideshow=\"505f1a4\" data-elementor-lightbox-title=\"garasje 2 etter\" data-e-action-hash=\"#elementor-action%3Aaction%3Dlightbox%26settings%3DeyJpZCI6MTE5NiwidXJsIjoiaHR0cHM6XC9cL3NvZnR2YXNrc3lzdGVtZXIubm9cL3dwLWNvbnRlbnRcL3VwbG9hZHNcLzIwMjVcLzA1XC9nYXJhc2plLTItZXR0ZXIud2VicCIsInNsaWRlc2hvdyI6IjUwNWYxYTQifQ%3D%3D\">\n\t\t\t\t\t<div class=\"e-gallery-image elementor-gallery-item__image\" data-thumbnail=\"https:\/\/softvasksystemer.no\/wp-content\/uploads\/2025\/05\/garasje-2-etter.webp\" data-width=\"1920\" data-height=\"1080\" aria-label=\"garasje 2 etter\" role=\"img\" ><\/div>\n\t\t\t\t\t\t\t\t\t\t\t<div class=\"elementor-gallery-item__overlay\"><\/div>\n\t\t\t\t\t\t\t\t\t\t\t\t\t\t<\/a>\n\t\t\t\t\t\t\t<a class=\"e-gallery-item elementor-gallery-item elementor-animated-content\" href=\"https:\/\/softvasksystemer.no\/wp-content\/uploads\/2025\/05\/garasje-1-for-.webp\" data-elementor-open-lightbox=\"yes\" data-elementor-lightbox-slideshow=\"505f1a4\" data-elementor-lightbox-title=\"garasje 1 f\u00f8r\" data-e-action-hash=\"#elementor-action%3Aaction%3Dlightbox%26settings%3DeyJpZCI6MTE5NSwidXJsIjoiaHR0cHM6XC9cL3NvZnR2YXNrc3lzdGVtZXIubm9cL3dwLWNvbnRlbnRcL3VwbG9hZHNcLzIwMjVcLzA1XC9nYXJhc2plLTEtZm9yLS53ZWJwIiwic2xpZGVzaG93IjoiNTA1ZjFhNCJ9\">\n\t\t\t\t\t<div class=\"e-gallery-image elementor-gallery-item__image\" data-thumbnail=\"https:\/\/softvasksystemer.no\/wp-content\/uploads\/2025\/05\/garasje-1-for-.webp\" data-width=\"1920\" data-height=\"1080\" aria-label=\"garasje 1 f\u00f8r\" role=\"img\" ><\/div>\n\t\t\t\t\t\t\t\t\t\t\t<div class=\"elementor-gallery-item__overlay\"><\/div>\n\t\t\t\t\t\t\t\t\t\t\t\t\t\t<\/a>\n\t\t\t\t\t\t\t<a class=\"e-gallery-item elementor-gallery-item elementor-animated-content\" href=\"https:\/\/softvasksystemer.no\/wp-content\/uploads\/2025\/05\/garasje-1-etter.webp\" data-elementor-open-lightbox=\"yes\" data-elementor-lightbox-slideshow=\"505f1a4\" data-elementor-lightbox-title=\"garasje 1 etter\" data-e-action-hash=\"#elementor-action%3Aaction%3Dlightbox%26settings%3DeyJpZCI6MTE5NCwidXJsIjoiaHR0cHM6XC9cL3NvZnR2YXNrc3lzdGVtZXIubm9cL3dwLWNvbnRlbnRcL3VwbG9hZHNcLzIwMjVcLzA1XC9nYXJhc2plLTEtZXR0ZXIud2VicCIsInNsaWRlc2hvdyI6IjUwNWYxYTQifQ%3D%3D\">\n\t\t\t\t\t<div class=\"e-gallery-image elementor-gallery-item__image\" data-thumbnail=\"https:\/\/softvasksystemer.no\/wp-content\/uploads\/2025\/05\/garasje-1-etter.webp\" data-width=\"1920\" data-height=\"1080\" aria-label=\"garasje 1 etter\" role=\"img\" ><\/div>\n\t\t\t\t\t\t\t\t\t\t\t<div class=\"elementor-gallery-item__overlay\"><\/div>\n\t\t\t\t\t\t\t\t\t\t\t\t\t\t<\/a>\n\t\t\t\t\t\t\t<a class=\"e-gallery-item elementor-gallery-item elementor-animated-content\" href=\"https:\/\/softvasksystemer.no\/wp-content\/uploads\/2025\/05\/garasje3-etter.webp\" data-elementor-open-lightbox=\"yes\" data-elementor-lightbox-slideshow=\"505f1a4\" data-elementor-lightbox-title=\"garasje3 etter\" data-e-action-hash=\"#elementor-action%3Aaction%3Dlightbox%26settings%3DeyJpZCI6MTE5MywidXJsIjoiaHR0cHM6XC9cL3NvZnR2YXNrc3lzdGVtZXIubm9cL3dwLWNvbnRlbnRcL3VwbG9hZHNcLzIwMjVcLzA1XC9nYXJhc2plMy1ldHRlci53ZWJwIiwic2xpZGVzaG93IjoiNTA1ZjFhNCJ9\">\n\t\t\t\t\t<div class=\"e-gallery-image elementor-gallery-item__image\" data-thumbnail=\"https:\/\/softvasksystemer.no\/wp-content\/uploads\/2025\/05\/garasje3-etter.webp\" data-width=\"1920\" data-height=\"1080\" aria-label=\"garasje3 etter\" role=\"img\" ><\/div>\n\t\t\t\t\t\t\t\t\t\t\t<div class=\"elementor-gallery-item__overlay\"><\/div>\n\t\t\t\t\t\t\t\t\t\t\t\t\t\t<\/a>\n\t\t\t\t\t<\/div>\n\t\t\t\t\t<\/div>\n\t\t\t\t<\/div>\n\t\t\t\t\t<\/div>\n\t\t<\/div>\n\t\t\t\t\t<\/div>\n\t\t<\/section>\n\t\t\t\t<section class=\"elementor-section elementor-top-section elementor-element elementor-element-3d6e1f0 elementor-section-boxed elementor-section-height-default elementor-section-height-default\" data-id=\"3d6e1f0\" data-element_type=\"section\" data-e-type=\"section\" data-settings=\"{&quot;background_background&quot;:&quot;classic&quot;,&quot;background_motion_fx_motion_fx_scrolling&quot;:&quot;yes&quot;,&quot;background_motion_fx_translateY_effect&quot;:&quot;yes&quot;,&quot;background_motion_fx_translateY_speed&quot;:{&quot;unit&quot;:&quot;px&quot;,&quot;size&quot;:4,&quot;sizes&quot;:[]},&quot;background_motion_fx_translateY_affectedRange&quot;:{&quot;unit&quot;:&quot;%&quot;,&quot;size&quot;:&quot;&quot;,&quot;sizes&quot;:{&quot;start&quot;:0,&quot;end&quot;:100}},&quot;background_motion_fx_devices&quot;:[&quot;desktop&quot;,&quot;tablet_extra&quot;,&quot;tablet&quot;,&quot;mobile&quot;]}\">\n\t\t\t\t\t\t\t<div class=\"elementor-background-overlay\"><\/div>\n\t\t\t\t\t\t\t<div class=\"elementor-container elementor-column-gap-default\">\n\t\t\t\t\t<div class=\"elementor-column elementor-col-50 elementor-top-column elementor-element elementor-element-1b0d320\" data-id=\"1b0d320\" data-element_type=\"column\" data-e-type=\"column\">\n\t\t\t<div class=\"elementor-widget-wrap elementor-element-populated\">\n\t\t\t\t\t\t<div class=\"elementor-element elementor-element-7ccc4ea elementor-widget elementor-widget-heading\" data-id=\"7ccc4ea\" data-element_type=\"widget\" data-e-type=\"widget\" data-widget_type=\"heading.default\">\n\t\t\t\t<div class=\"elementor-widget-container\">\n\t\t\t\t\t<h4 class=\"elementor-heading-title elementor-size-default\">Vi tar gjerne en hyggelig samtale!<\/h4>\t\t\t\t<\/div>\n\t\t\t\t<\/div>\n\t\t\t\t<div class=\"elementor-element elementor-element-9211c7e elementor-widget elementor-widget-heading\" data-id=\"9211c7e\" data-element_type=\"widget\" data-e-type=\"widget\" data-widget_type=\"heading.default\">\n\t\t\t\t<div class=\"elementor-widget-container\">\n\t\t\t\t\t<h2 class=\"elementor-heading-title elementor-size-default\">Har du noen sp\u00f8rsm\u00e5l?<\/h2>\t\t\t\t<\/div>\n\t\t\t\t<\/div>\n\t\t\t\t\t<\/div>\n\t\t<\/div>\n\t\t\t\t<div class=\"elementor-column elementor-col-50 elementor-top-column elementor-element elementor-element-ed7b390\" data-id=\"ed7b390\" data-element_type=\"column\" data-e-type=\"column\">\n\t\t\t<div class=\"elementor-widget-wrap elementor-element-populated\">\n\t\t\t\t\t\t<div class=\"elementor-element elementor-element-f08d783 elementor-align-right elementor-mobile-align-justify elementor-tablet-align-center elementor-widget elementor-widget-button\" data-id=\"f08d783\" data-element_type=\"widget\" data-e-type=\"widget\" data-widget_type=\"button.default\">\n\t\t\t\t<div class=\"elementor-widget-container\">\n\t\t\t\t\t\t\t\t\t<div class=\"elementor-button-wrapper\">\n\t\t\t\t\t<a class=\"elementor-button elementor-button-link elementor-size-sm\" href=\"\/kontakt-oss\/\">\n\t\t\t\t\t\t<span class=\"elementor-button-content-wrapper\">\n\t\t\t\t\t\t\t\t\t<span class=\"elementor-button-text\">Ta kontakt med oss i dag<\/span>\n\t\t\t\t\t<\/span>\n\t\t\t\t\t<\/a>\n\t\t\t\t<\/div>\n\t\t\t\t\t\t\t\t<\/div>\n\t\t\t\t<\/div>\n\t\t\t\t\t<\/div>\n\t\t<\/div>\n\t\t\t\t\t<\/div>\n\t\t<\/section>\n\t\t\t\t<\/div>\n\t\t","protected":false},"excerpt":{"rendered":"<p>Vask selv og spar penger! 1. \ud83e\uddfc &laquo;Vask terrassen selv \u2013 p\u00e5 halvparten av tiden!&raquo;\ud83d\udc49 Effektivt nytt vaskemiddel som gj\u00f8r jobben lekende lett. 2. &laquo;Spar penger \u2013 Vask huset selv med proff resultat!&raquo;\ud83d\udcaa Nytt kraftmiddel som gj\u00f8r deg til rengj\u00f8ringsmester p\u00e5 1\u20132\u20133. 3. &laquo;Glem skrubbingen \u2013 Si hei til supervasken!&raquo;\ud83d\udebf Rask, enkel og billig rengj\u00f8ring [&hellip;]<\/p>\n","protected":false},"author":1,"featured_media":0,"parent":0,"menu_order":0,"comment_status":"closed","ping_status":"closed","template":"elementor_header_footer","meta":{"footnotes":""},"class_list":["post-1178","page","type-page","status-publish","hentry"],"yoast_head":"<!-- This site is optimized with the Yoast SEO plugin v27.3 - https:\/\/yoast.com\/product\/yoast-seo-wordpress\/ -->\n<title>Viking F1 Solution - SVS Softvask Systemer AS<\/title>\n<meta name=\"robots\" content=\"index, follow, max-snippet:-1, max-image-preview:large, max-video-preview:-1\" \/>\n<link rel=\"canonical\" href=\"https:\/\/softvasksystemer.no\/en\/viking-f1-solution\/\" \/>\n<meta property=\"og:locale\" content=\"en_US\" \/>\n<meta property=\"og:type\" content=\"article\" \/>\n<meta property=\"og:title\" content=\"Viking F1 Solution - SVS Softvask Systemer AS\" \/>\n<meta property=\"og:description\" content=\"Vask selv og spar penger! 1. \ud83e\uddfc &laquo;Vask terrassen selv \u2013 p\u00e5 halvparten av tiden!&raquo;\ud83d\udc49 Effektivt nytt vaskemiddel som gj\u00f8r jobben lekende lett. 2. &laquo;Spar penger \u2013 Vask huset selv med proff resultat!&raquo;\ud83d\udcaa Nytt kraftmiddel som gj\u00f8r deg til rengj\u00f8ringsmester p\u00e5 1\u20132\u20133. 3. &laquo;Glem skrubbingen \u2013 Si hei til supervasken!&raquo;\ud83d\udebf Rask, enkel og billig rengj\u00f8ring [&hellip;]\" \/>\n<meta property=\"og:url\" content=\"https:\/\/softvasksystemer.no\/en\/viking-f1-solution\/\" \/>\n<meta property=\"og:site_name\" content=\"SVS Softvask Systemer AS\" \/>\n<meta property=\"article:modified_time\" content=\"2025-05-05T11:35:53+00:00\" \/>\n<meta name=\"twitter:card\" content=\"summary_large_image\" \/>\n<meta name=\"twitter:label1\" content=\"Est. reading time\" \/>\n\t<meta name=\"twitter:data1\" content=\"1 minute\" \/>\n<script type=\"application\/ld+json\" class=\"yoast-schema-graph\">{\"@context\":\"https:\\\/\\\/schema.org\",\"@graph\":[{\"@type\":\"WebPage\",\"@id\":\"https:\\\/\\\/softvasksystemer.no\\\/viking-f1-solution\\\/\",\"url\":\"https:\\\/\\\/softvasksystemer.no\\\/viking-f1-solution\\\/\",\"name\":\"Viking F1 Solution - SVS Softvask Systemer AS\",\"isPartOf\":{\"@id\":\"https:\\\/\\\/softvasksystemer.no\\\/#website\"},\"datePublished\":\"2025-04-24T10:48:51+00:00\",\"dateModified\":\"2025-05-05T11:35:53+00:00\",\"breadcrumb\":{\"@id\":\"https:\\\/\\\/softvasksystemer.no\\\/viking-f1-solution\\\/#breadcrumb\"},\"inLanguage\":\"en-US\",\"potentialAction\":[{\"@type\":\"ReadAction\",\"target\":[\"https:\\\/\\\/softvasksystemer.no\\\/viking-f1-solution\\\/\"]}]},{\"@type\":\"BreadcrumbList\",\"@id\":\"https:\\\/\\\/softvasksystemer.no\\\/viking-f1-solution\\\/#breadcrumb\",\"itemListElement\":[{\"@type\":\"ListItem\",\"position\":1,\"name\":\"Hjem\",\"item\":\"https:\\\/\\\/softvasksystemer.no\\\/\"},{\"@type\":\"ListItem\",\"position\":2,\"name\":\"Viking F1 Solution\"}]},{\"@type\":\"WebSite\",\"@id\":\"https:\\\/\\\/softvasksystemer.no\\\/#website\",\"url\":\"https:\\\/\\\/softvasksystemer.no\\\/\",\"name\":\"SVS Softvask Systemer AS\",\"description\":\"Din lokale leverand\u00f8r av vaskeanlegg i Norge!\",\"publisher\":{\"@id\":\"https:\\\/\\\/softvasksystemer.no\\\/#organization\"},\"potentialAction\":[{\"@type\":\"SearchAction\",\"target\":{\"@type\":\"EntryPoint\",\"urlTemplate\":\"https:\\\/\\\/softvasksystemer.no\\\/?s={search_term_string}\"},\"query-input\":{\"@type\":\"PropertyValueSpecification\",\"valueRequired\":true,\"valueName\":\"search_term_string\"}}],\"inLanguage\":\"en-US\"},{\"@type\":\"Organization\",\"@id\":\"https:\\\/\\\/softvasksystemer.no\\\/#organization\",\"name\":\"SVS Softvask Systemer AS\",\"url\":\"https:\\\/\\\/softvasksystemer.no\\\/\",\"logo\":{\"@type\":\"ImageObject\",\"inLanguage\":\"en-US\",\"@id\":\"https:\\\/\\\/softvasksystemer.no\\\/#\\\/schema\\\/logo\\\/image\\\/\",\"url\":\"https:\\\/\\\/softvasksystemer.no\\\/wp-content\\\/uploads\\\/2022\\\/12\\\/logo-2.png\",\"contentUrl\":\"https:\\\/\\\/softvasksystemer.no\\\/wp-content\\\/uploads\\\/2022\\\/12\\\/logo-2.png\",\"width\":1541,\"height\":1440,\"caption\":\"SVS Softvask Systemer AS\"},\"image\":{\"@id\":\"https:\\\/\\\/softvasksystemer.no\\\/#\\\/schema\\\/logo\\\/image\\\/\"}}]}<\/script>\n<!-- \/ Yoast SEO plugin. -->","yoast_head_json":{"title":"Viking F1 Solution - SVS Softvask Systemer AS","robots":{"index":"index","follow":"follow","max-snippet":"max-snippet:-1","max-image-preview":"max-image-preview:large","max-video-preview":"max-video-preview:-1"},"canonical":"https:\/\/softvasksystemer.no\/en\/viking-f1-solution\/","og_locale":"en_US","og_type":"article","og_title":"Viking F1 Solution - SVS Softvask Systemer AS","og_description":"Vask selv og spar penger! 1. \ud83e\uddfc &laquo;Vask terrassen selv \u2013 p\u00e5 halvparten av tiden!&raquo;\ud83d\udc49 Effektivt nytt vaskemiddel som gj\u00f8r jobben lekende lett. 2. &laquo;Spar penger \u2013 Vask huset selv med proff resultat!&raquo;\ud83d\udcaa Nytt kraftmiddel som gj\u00f8r deg til rengj\u00f8ringsmester p\u00e5 1\u20132\u20133. 3. &laquo;Glem skrubbingen \u2013 Si hei til supervasken!&raquo;\ud83d\udebf Rask, enkel og billig rengj\u00f8ring [&hellip;]","og_url":"https:\/\/softvasksystemer.no\/en\/viking-f1-solution\/","og_site_name":"SVS Softvask Systemer AS","article_modified_time":"2025-05-05T11:35:53+00:00","twitter_card":"summary_large_image","twitter_misc":{"Est. reading time":"1 minute"},"schema":{"@context":"https:\/\/schema.org","@graph":[{"@type":"WebPage","@id":"https:\/\/softvasksystemer.no\/viking-f1-solution\/","url":"https:\/\/softvasksystemer.no\/viking-f1-solution\/","name":"Viking F1 Solution - SVS Softvask Systemer AS","isPartOf":{"@id":"https:\/\/softvasksystemer.no\/#website"},"datePublished":"2025-04-24T10:48:51+00:00","dateModified":"2025-05-05T11:35:53+00:00","breadcrumb":{"@id":"https:\/\/softvasksystemer.no\/viking-f1-solution\/#breadcrumb"},"inLanguage":"en-US","potentialAction":[{"@type":"ReadAction","target":["https:\/\/softvasksystemer.no\/viking-f1-solution\/"]}]},{"@type":"BreadcrumbList","@id":"https:\/\/softvasksystemer.no\/viking-f1-solution\/#breadcrumb","itemListElement":[{"@type":"ListItem","position":1,"name":"Hjem","item":"https:\/\/softvasksystemer.no\/"},{"@type":"ListItem","position":2,"name":"Viking F1 Solution"}]},{"@type":"WebSite","@id":"https:\/\/softvasksystemer.no\/#website","url":"https:\/\/softvasksystemer.no\/","name":"SVS Softvask Systemer AS","description":"Din lokale leverand\u00f8r av vaskeanlegg i Norge!","publisher":{"@id":"https:\/\/softvasksystemer.no\/#organization"},"potentialAction":[{"@type":"SearchAction","target":{"@type":"EntryPoint","urlTemplate":"https:\/\/softvasksystemer.no\/?s={search_term_string}"},"query-input":{"@type":"PropertyValueSpecification","valueRequired":true,"valueName":"search_term_string"}}],"inLanguage":"en-US"},{"@type":"Organization","@id":"https:\/\/softvasksystemer.no\/#organization","name":"SVS Softvask Systemer AS","url":"https:\/\/softvasksystemer.no\/","logo":{"@type":"ImageObject","inLanguage":"en-US","@id":"https:\/\/softvasksystemer.no\/#\/schema\/logo\/image\/","url":"https:\/\/softvasksystemer.no\/wp-content\/uploads\/2022\/12\/logo-2.png","contentUrl":"https:\/\/softvasksystemer.no\/wp-content\/uploads\/2022\/12\/logo-2.png","width":1541,"height":1440,"caption":"SVS Softvask Systemer AS"},"image":{"@id":"https:\/\/softvasksystemer.no\/#\/schema\/logo\/image\/"}}]}},"_links":{"self":[{"href":"https:\/\/softvasksystemer.no\/en\/wp-json\/wp\/v2\/pages\/1178","targetHints":{"allow":["GET"]}}],"collection":[{"href":"https:\/\/softvasksystemer.no\/en\/wp-json\/wp\/v2\/pages"}],"about":[{"href":"https:\/\/softvasksystemer.no\/en\/wp-json\/wp\/v2\/types\/page"}],"author":[{"embeddable":true,"href":"https:\/\/softvasksystemer.no\/en\/wp-json\/wp\/v2\/users\/1"}],"replies":[{"embeddable":true,"href":"https:\/\/softvasksystemer.no\/en\/wp-json\/wp\/v2\/comments?post=1178"}],"version-history":[{"count":19,"href":"https:\/\/softvasksystemer.no\/en\/wp-json\/wp\/v2\/pages\/1178\/revisions"}],"predecessor-version":[{"id":1207,"href":"https:\/\/softvasksystemer.no\/en\/wp-json\/wp\/v2\/pages\/1178\/revisions\/1207"}],"wp:attachment":[{"href":"https:\/\/softvasksystemer.no\/en\/wp-json\/wp\/v2\/media?parent=1178"}],"curies":[{"name":"wp","href":"https:\/\/api.w.org\/{rel}","templated":true}]}}